{"id":711,"date":"2026-01-16T20:54:27","date_gmt":"2026-01-16T19:54:27","guid":{"rendered":"https:\/\/pharmaink.ch\/?page_id=711"},"modified":"2026-01-22T16:32:39","modified_gmt":"2026-01-22T15:32:39","slug":"dienstleistungen","status":"publish","type":"page","link":"https:\/\/pharmaink.ch\/en\/dienstleistungen\/","title":{"rendered":"Services"},"content":{"rendered":"<p>[et_pb_section fb_built=&#187;1&#8243; custom_padding_last_edited=&#187;on|tablet&#187; admin_label=&#187;Header&#187; _builder_version=&#187;4.27.4&#8243; _module_preset=&#187;default&#187; background_color=&#187;#000000&#8243; background_image=&#187;https:\/\/pharmaink.ch\/wp-content\/uploads\/2025\/10\/IMG_6484.jpg&#187; background_position=&#187;bottom_left&#187; background_blend=&#187;multiply&#187; custom_margin_tablet=&#187;&#187; custom_margin_phone=&#187;&#187; custom_margin_last_edited=&#187;on|phone&#187; custom_padding=&#187;1vw||1vw||false|false&#187; custom_padding_tablet=&#187;||||false|false&#187; custom_padding_phone=&#187;20px||20px||false|false&#187; bottom_divider_height=&#187;30px&#187; bottom_divider_repeat=&#187;1x&#187; bottom_divider_height_tablet=&#187;30px&#187; bottom_divider_height_phone=&#187;10px&#187; bottom_divider_height_last_edited=&#187;on|phone&#187; background_last_edited=&#187;on|phone&#187; background_image_phone=&#187;https:\/\/pharmaink.ch\/wp-content\/uploads\/2025\/10\/IMG_6487.webp&#187; background_enable_image_phone=&#187;on&#187; background_position_phone=&#187;center&#187; locked=&#187;off&#187; collapsed=&#187;on&#187; global_colors_info=&#187;{}&#187;][et_pb_row _builder_version=&#187;4.27.4&#8243; _module_preset=&#187;default&#187; width_tablet=&#187;&#187; width_phone=&#187;90%&#187; width_last_edited=&#187;on|phone&#187; global_colors_info=&#187;{}&#187;][et_pb_column type=&#187;4_4&#8243; _builder_version=&#187;4.21.0&#8243; _module_preset=&#187;default&#187; global_colors_info=&#187;{}&#187;][et_pb_text content_tablet=&#187;<\/p>\n<h1>Dienstleistungen &#038; Preise<\/h1>\n<p>&#187; content_phone=&#187;<\/p>\n<h1>Dienstleis-tungen &#038; Preise<\/h1>\n<p>&#187; content_last_edited=&#187;off|phone&#187; _builder_version=&#187;4.27.4&#8243; _module_preset=&#187;670065e1-56bf-401d-81ef-0a1491da497f&#187; header_font=&#187;Outfit|300||on|||||&#187; header_text_color=&#187;#FFFFFF&#187; header_font_size=&#187;100px&#187; header_letter_spacing=&#187;-7px&#187; text_orientation=&#187;center&#187; hover_enabled=&#187;0&#8243; header_font_size_tablet=&#187;13vw&#187; header_font_size_phone=&#187;36px&#187; header_font_size_last_edited=&#187;on|phone&#187; header_letter_spacing_tablet=&#187;-7px&#187; header_letter_spacing_phone=&#187;0px&#187; header_letter_spacing_last_edited=&#187;on|phone&#187; header_text_shadow_style=&#187;preset1&#8243; header_text_shadow_vertical_length=&#187;0.01em&#187; header_text_shadow_color=&#187;rgba(0,0,0,0.82)&#187; global_colors_info=&#187;{}&#187; sticky_enabled=&#187;0&#8243;]<\/p>\n<h1>Services<\/h1>\n<p>[\/et_pb_text][\/et_pb_column][\/et_pb_row][\/et_pb_section][et_pb_section fb_built=&#187;1&#8243; admin_label=&#187;Services&#187; module_id=&#187;PMU&#187; _builder_version=&#187;4.27.4&#8243; _module_preset=&#187;default&#187; background_color=&#187;#634832&#8243; use_background_color_gradient=&#187;on&#187; background_color_gradient_stops=&#187;#634832 0%|#967259 100%&#187; custom_margin=&#187;0px||0px||false|false&#187; custom_padding=&#187;20px||30px||false|false&#187; bottom_divider_height=&#187;30px&#187; bottom_divider_height_tablet=&#187;30px&#187; bottom_divider_height_phone=&#187;10px&#187; bottom_divider_height_last_edited=&#187;on|phone&#187; collapsed=&#187;on&#187; global_colors_info=&#187;{}&#187;][et_pb_row column_structure=&#187;1_3,1_3,1_3&#8243; use_custom_gutter=&#187;on&#187; gutter_width=&#187;2&#8243; make_equal=&#187;on&#187; disabled_on=&#187;off|off|off&#187; module_class=&#187;reverse-mobile&#187; _builder_version=&#187;4.27.4&#8243; _module_preset=&#187;default&#187; width=&#187;90%&#187; hover_enabled=&#187;0&#8243; locked=&#187;off&#187; global_colors_info=&#187;{}&#187; sticky_enabled=&#187;0&#8243;][et_pb_column type=&#187;1_3&#8243; _builder_version=&#187;4.27.4&#8243; _module_preset=&#187;default&#187; background_color=&#187;#FFFFFF&#187; custom_padding=&#187;10px|10px|10px|10px|false|false&#187; hover_enabled=&#187;0&#8243; box_shadow_style=&#187;preset3&#8243; global_colors_info=&#187;{}&#187; sticky_enabled=&#187;0&#8243;][et_pb_blurb title=&#187;Permanent make-up (PMU)&#187; image=&#187;https:\/\/pharmaink.ch\/wp-content\/uploads\/2026\/01\/services-pmu.png&#187; _builder_version=&#187;4.27.4&#8243; _module_preset=&#187;default&#187; header_font=&#187;&#8211;et_global_heading_font|700||on|||||&#187; header_font_size=&#187;24px&#187; header_line_height=&#187;1.2em&#187; body_text_color=&#187;#000000&#8243; body_font_size=&#187;17px&#187; hover_enabled=&#187;0&#8243; global_colors_info=&#187;{}&#187; sticky_enabled=&#187;0&#8243;]<\/p>\n<p>No more daily makeup: with exclusive permanent makeup, you enhance your natural beauty and save valuable time.\nIndividually tailored to you \u2013 for perfectly shaped eyebrows, an expressive look, and beautifully cared-for lips.<\/p>\n<p>[\/et_pb_blurb][et_pb_button button_url=&#187;https:\/\/pharmaink.ch\/permanent-make-up-pmu\/&#187; button_text=&#187;Mehr erfahren&#187; button_alignment=&#187;center&#187; button_alignment_tablet=&#187;left&#187; button_alignment_phone=&#187;center&#187; button_alignment_last_edited=&#187;on|phone&#187; _builder_version=&#187;4.27.4&#8243; _module_preset=&#187;46482fc8-0c5f-45f8-85fd-21788e46ebad&#187; button_text_size=&#187;13px&#187; button_bg_color=&#187;#000000&#8243; button_border_width=&#187;0px&#187; button_font=&#187;Outfit|700||on|||||&#187; global_colors_info=&#187;{}&#187;][\/et_pb_button][\/et_pb_column][et_pb_column type=&#187;1_3&#8243; _builder_version=&#187;4.27.4&#8243; _module_preset=&#187;default&#187; background_color=&#187;#FFFFFF&#187; custom_padding=&#187;10px|10px|10px|10px|false|false&#187; hover_enabled=&#187;0&#8243; box_shadow_style=&#187;preset3&#8243; global_colors_info=&#187;{}&#187; sticky_enabled=&#187;0&#8243;][et_pb_blurb title=&#187;Tattoo&#187; image=&#187;https:\/\/pharmaink.ch\/wp-content\/uploads\/2026\/01\/services-tattoo.png&#187; _builder_version=&#187;4.27.4&#8243; _module_preset=&#187;default&#187; header_font=&#187;&#8211;et_global_heading_font|700||on|||||&#187; header_font_size=&#187;24px&#187; header_line_height=&#187;1.2em&#187; body_text_color=&#187;#000000&#8243; body_font_size=&#187;17px&#187; hover_enabled=&#187;0&#8243; global_colors_info=&#187;{}&#187; sticky_enabled=&#187;0&#8243; custom_margin_last_edited=&#187;on|phone&#187; custom_margin_phone=&#187;30px||||false|false&#187; custom_padding_last_edited=&#187;on|phone&#187; custom_padding_phone=&#187;||||false|false&#187;]<\/p>\n<p>My focus is on portrait, realism, fine line, microrealism, and black &amp; grey tattoos. I enjoy bringing individual ideas to life and turning your vision into a unique artwork on the skin. Every tattoo is created with precision, care, and attention to detail. Quality always comes first.<\/p>\n<p>[\/et_pb_blurb][et_pb_button button_url=&#187;https:\/\/pharmaink.ch\/tattoo-studio\/&#187; button_text=&#187;Mehr erfahren&#187; button_alignment=&#187;center&#187; button_alignment_tablet=&#187;left&#187; button_alignment_phone=&#187;center&#187; button_alignment_last_edited=&#187;on|phone&#187; _builder_version=&#187;4.27.4&#8243; _module_preset=&#187;46482fc8-0c5f-45f8-85fd-21788e46ebad&#187; button_text_size=&#187;13px&#187; button_bg_color=&#187;#000000&#8243; button_border_width=&#187;0px&#187; button_font=&#187;Outfit|700||on|||||&#187; custom_margin=&#187;20px||||false|false&#187; global_colors_info=&#187;{}&#187;][\/et_pb_button][\/et_pb_column][et_pb_column type=&#187;1_3&#8243; _builder_version=&#187;4.27.4&#8243; _module_preset=&#187;default&#187; background_color=&#187;#FFFFFF&#187; custom_padding=&#187;10px|10px|10px|10px|false|false&#187; box_shadow_style=&#187;preset3&#8243; global_colors_info=&#187;{}&#187;][et_pb_blurb title=&#187;Piercing&#187; image=&#187;https:\/\/pharmaink.ch\/wp-content\/uploads\/2026\/01\/services-piercing.png&#187; _builder_version=&#187;4.27.4&#8243; _module_preset=&#187;default&#187; header_font=&#187;&#8211;et_global_heading_font|700||on|||||&#187; header_font_size=&#187;24px&#187; header_line_height=&#187;1.2em&#187; body_text_color=&#187;#000000&#8243; body_font_size=&#187;17px&#187; hover_enabled=&#187;0&#8243; global_colors_info=&#187;{}&#187; sticky_enabled=&#187;0&#8243;]<\/p>\n<p>A piercing is a matter of trust \u2013 that\u2019s why I combine pharmaceutical expertise with high hygiene standards and great care.\nEach piercing is performed precisely, sterily, and carefully adapted to your individual anatomy.<\/p>\n<p>[\/et_pb_blurb][et_pb_button button_url=&#187;https:\/\/pharmaink.ch\/piercing-studio\/&#187; button_text=&#187;Mehr erfahren&#187; button_alignment=&#187;center&#187; button_alignment_tablet=&#187;left&#187; button_alignment_phone=&#187;center&#187; button_alignment_last_edited=&#187;on|phone&#187; _builder_version=&#187;4.27.4&#8243; _module_preset=&#187;46482fc8-0c5f-45f8-85fd-21788e46ebad&#187; button_text_size=&#187;13px&#187; button_bg_color=&#187;#000000&#8243; button_border_width=&#187;0px&#187; button_font=&#187;Outfit|700||on|||||&#187; custom_margin=&#187;43px||||false|false&#187; global_colors_info=&#187;{}&#187;][\/et_pb_button][\/et_pb_column][\/et_pb_row][\/et_pb_section][et_pb_section fb_built=&#187;1&#8243; admin_label=&#187;Services&#187; _builder_version=&#187;4.27.4&#8243; _module_preset=&#187;default&#187; background_color=&#187;#000000&#8243; custom_margin=&#187;0px||||false|false&#187; custom_padding=&#187;0px||0px||false|false&#187; bottom_divider_style=&#187;asymmetric3&#8243; bottom_divider_color=&#187;#000000&#8243; bottom_divider_height=&#187;30px&#187; global_module=&#187;226&#8243; saved_tabs=&#187;all&#187; collapsed=&#187;on&#187; global_colors_info=&#187;{}&#187;][et_pb_row _builder_version=&#187;4.27.4&#8243; _module_preset=&#187;default&#187; width=&#187;100%&#187; max_width=&#187;2400px&#187; custom_margin=&#187;0px||0px||false|false&#187; custom_padding=&#187;0px||0px||false|false&#187; locked=&#187;off&#187; global_colors_info=&#187;{}&#187;][et_pb_column type=&#187;4_4&#8243; _builder_version=&#187;4.27.4&#8243; _module_preset=&#187;default&#187; global_colors_info=&#187;{}&#187;][et_pb_image src=&#187;https:\/\/pharmaink.ch\/wp-content\/uploads\/2025\/10\/pharmaink_maps_desktop.png&#187; title_text=&#187;pharmaink_maps_desktop&#187; force_fullwidth=&#187;on&#187; src_tablet=&#187;https:\/\/pharmaink.ch\/wp-content\/uploads\/2025\/10\/mettmenstetten_map.png&#187; src_phone=&#187;https:\/\/pharmaink.ch\/wp-content\/uploads\/2025\/10\/maps_pin.png&#187; src_last_edited=&#187;on|desktop&#187; _builder_version=&#187;4.27.4&#8243; _module_preset=&#187;default&#187; global_colors_info=&#187;{}&#187;][\/et_pb_image][\/et_pb_column][\/et_pb_row][et_pb_row column_structure=&#187;1_3,1_3,1_3&#8243; _builder_version=&#187;4.27.4&#8243; _module_preset=&#187;default&#187; background_color=&#187;#FFFFFF&#187; transform_translate=&#187;0px|-120px&#187; transform_translate_linked=&#187;off&#187; width=&#187;90%&#187; custom_margin=&#187;||||false|false&#187; custom_padding=&#187;20px|20px|20px|20px|false|false&#187; border_width_all=&#187;1px&#187; border_color_all=&#187;rgba(0,0,0,0.15)&#187; box_shadow_style=&#187;preset1&#8243; box_shadow_color=&#187;rgba(0,0,0,0.47)&#187; locked=&#187;off&#187; global_colors_info=&#187;{}&#187;][et_pb_column type=&#187;1_3&#8243; _builder_version=&#187;4.27.4&#8243; _module_preset=&#187;default&#187; background_enable_color=&#187;off&#187; custom_padding=&#187;20px|20px|20px|20px|false|false&#187; border_color_all=&#187;rgba(0,0,0,0.29)&#187; global_colors_info=&#187;{}&#187;][et_pb_image src=&#187;https:\/\/pharmaink.ch\/wp-content\/uploads\/2025\/10\/logo_white_pharmaink.jpg&#187; alt=&#187;Pharma Ink Mettmenstetten&#187; title_text=&#187;logo_white_pharmaink&#187; _builder_version=&#187;4.27.4&#8243; _module_preset=&#187;default&#187; custom_margin=&#187;20px||||false|false&#187; global_colors_info=&#187;{}&#187;][\/et_pb_image][et_pb_text _builder_version=&#187;4.27.4&#8243; _module_preset=&#187;default&#187; global_colors_info=&#187;{}&#187;]<\/p>\n<p><a href=\"https:\/\/www.instagram.com\/pharmaink_tattoostudio\/%20\" target=\"_blank\" rel=\"noopener\"><img loading=\"lazy\" decoding=\"async\" src=\"https:\/\/pharmaink.ch\/wp-content\/uploads\/2025\/10\/insta_logo_ok.png\" alt=\"\" width=\"30\" height=\"30\" title=\"\"><\/a> <a href=\"https:\/\/wa.me\/+41783150650\" target=\"_blank\" rel=\"noopener\"><img loading=\"lazy\" decoding=\"async\" src=\"https:\/\/pharmaink.ch\/wp-content\/uploads\/2025\/10\/whatsapp_icon_ok.png\" alt=\"\" width=\"30\" height=\"30\" title=\"\"><\/a><\/p>\n<p>[\/et_pb_text][et_pb_text _builder_version=&#187;4.27.4&#8243; _module_preset=&#187;bdf32a58-712f-4184-8a4d-dc1f8994d43e&#187; text_font=&#187;&#8211;et_global_body_font||||||||&#187; text_text_color=&#187;#000000&#8243; link_text_color=&#187;#000000&#8243; text_font_size_phone=&#187;15px&#187; global_colors_info=&#187;{}&#187;]<\/p>\n<p dir=\"auto\"><a href=\"https:\/\/pharmaink.ch\/en\/agb\/\">General Terms and Conditions<\/a><\/p>\n<p>[\/et_pb_text][\/et_pb_column][et_pb_column type=&#187;1_3&#8243; _builder_version=&#187;4.27.4&#8243; _module_preset=&#187;default&#187; background_enable_color=&#187;off&#187; custom_padding=&#187;20px|20px|20px|20px|false|false&#187; border_color_all=&#187;rgba(0,0,0,0.29)&#187; global_colors_info=&#187;{}&#187;][et_pb_text _builder_version=&#187;4.27.4&#8243; _module_preset=&#187;a53e514f-e719-412c-af6b-0364258476f4&#8243; header_2_font=&#187;&#8211;et_global_heading_font|500|||||||&#187; header_2_text_align=&#187;center&#187; header_2_text_color=&#187;#000000&#8243; header_3_font=&#187;&#8211;et_global_heading_font|600||on|||||&#187; header_3_text_color=&#187;#000000&#8243; header_3_font_size=&#187;28px&#187; background_enable_color=&#187;off&#187; position_origin_a=&#187;top_center&#187; z_index=&#187;10&#8243; module_alignment=&#187;center&#187; custom_margin=&#187;||0px||false|false&#187; custom_margin_tablet=&#187;0px||||false|false&#187; custom_margin_phone=&#187;0px||0px||false|false&#187; custom_margin_last_edited=&#187;on|tablet&#187; custom_padding=&#187;||||false|false&#187; header_3_text_shadow_style=&#187;preset2&#8243; header_3_text_shadow_horizontal_length=&#187;0.03em&#187; header_3_text_shadow_vertical_length=&#187;0.03em&#187; locked=&#187;off&#187; global_colors_info=&#187;{}&#187;]<\/p>\n<h3>OPENING HOURS<\/h3>\n<p>[\/et_pb_text][et_pb_text _builder_version=&#187;4.27.4&#8243; _module_preset=&#187;bdf32a58-712f-4184-8a4d-dc1f8994d43e&#187; text_font=&#187;&#8211;et_global_body_font||||||||&#187; text_text_color=&#187;#000000&#8243; text_font_size_phone=&#187;17px&#187; global_colors_info=&#187;{}&#187;]<\/p>\n<p dir=\"auto\">By appointment only<\/p>\n<p>[\/et_pb_text][et_pb_text _builder_version=&#187;4.27.4&#8243; _module_preset=&#187;a53e514f-e719-412c-af6b-0364258476f4&#8243; header_2_font=&#187;&#8211;et_global_heading_font|500|||||||&#187; header_2_text_align=&#187;center&#187; header_2_text_color=&#187;#000000&#8243; header_3_font=&#187;&#8211;et_global_heading_font|600||on|||||&#187; header_3_text_color=&#187;#000000&#8243; header_3_font_size=&#187;28px&#187; background_enable_color=&#187;off&#187; position_origin_a=&#187;top_center&#187; z_index=&#187;10&#8243; module_alignment=&#187;center&#187; custom_margin=&#187;||0px||false|false&#187; custom_margin_tablet=&#187;0px||||false|false&#187; custom_margin_phone=&#187;0px||0px||false|false&#187; custom_margin_last_edited=&#187;on|tablet&#187; custom_padding=&#187;||||false|false&#187; header_3_text_shadow_style=&#187;preset2&#8243; header_3_text_shadow_horizontal_length=&#187;0.03em&#187; header_3_text_shadow_vertical_length=&#187;0.03em&#187; locked=&#187;off&#187; global_colors_info=&#187;{}&#187;]<\/p>\n<h3>MEN\u00dc<\/h3>\n<p>[\/et_pb_text][et_pb_text _builder_version=&#187;4.27.4&#8243; _module_preset=&#187;bdf32a58-712f-4184-8a4d-dc1f8994d43e&#187; text_font=&#187;&#8211;et_global_body_font|||on|||||&#187; text_text_color=&#187;#000000&#8243; custom_margin=&#187;0px||0px||false|false&#187; link_option_url=&#187;https:\/\/pharmaink.ch\/&#187; text_font_size_phone=&#187;16px&#187; global_colors_info=&#187;{}&#187;]<\/p>\n<p dir=\"auto\">Home<\/p>\n<p>[\/et_pb_text][et_pb_text _builder_version=&#187;4.27.4&#8243; _module_preset=&#187;bdf32a58-712f-4184-8a4d-dc1f8994d43e&#187; text_font=&#187;&#8211;et_global_body_font|||on|||||&#187; text_text_color=&#187;#000000&#8243; custom_margin=&#187;0px||0px||false|false&#187; link_option_url=&#187;https:\/\/pharmaink.ch\/dienstleistungen\/&#187; text_font_size_phone=&#187;16px&#187; global_colors_info=&#187;{}&#187;]<\/p>\n<p dir=\"auto\">Services<\/p>\n<p>[\/et_pb_text][et_pb_text _builder_version=&#187;4.27.4&#8243; _module_preset=&#187;bdf32a58-712f-4184-8a4d-dc1f8994d43e&#187; text_font=&#187;&#8211;et_global_body_font|||on|||||&#187; text_text_color=&#187;#000000&#8243; custom_margin=&#187;0px||0px||false|false&#187; custom_padding=&#187;|||20px|false|false&#187; link_option_url=&#187;https:\/\/pharmaink.ch\/permanent-make-up-pmu\/&#187; text_font_size_phone=&#187;16px&#187; global_colors_info=&#187;{}&#187;]<\/p>\n<p dir=\"auto\">PMU<\/p>\n<p>[\/et_pb_text][et_pb_text _builder_version=&#187;4.27.4&#8243; _module_preset=&#187;bdf32a58-712f-4184-8a4d-dc1f8994d43e&#187; text_font=&#187;&#8211;et_global_body_font|||on|||||&#187; text_text_color=&#187;#000000&#8243; custom_margin=&#187;0px||0px||false|false&#187; custom_padding=&#187;|||20px|false|false&#187; link_option_url=&#187;https:\/\/pharmaink.ch\/tattoo-studio\/&#187; text_font_size_phone=&#187;16px&#187; global_colors_info=&#187;{}&#187;]<\/p>\n<p dir=\"auto\">Tattoo<\/p>\n<p>[\/et_pb_text][et_pb_text _builder_version=&#187;4.27.4&#8243; _module_preset=&#187;bdf32a58-712f-4184-8a4d-dc1f8994d43e&#187; text_font=&#187;&#8211;et_global_body_font|||on|||||&#187; text_text_color=&#187;#000000&#8243; custom_margin=&#187;0px||0px||false|false&#187; custom_padding=&#187;|||20px|false|false&#187; link_option_url=&#187;https:\/\/pharmaink.ch\/piercing-studio\/&#187; text_font_size_phone=&#187;16px&#187; global_colors_info=&#187;{}&#187;]<\/p>\n<p dir=\"auto\">Piercing<\/p>\n<p>[\/et_pb_text][et_pb_text _builder_version=&#187;4.27.4&#8243; _module_preset=&#187;bdf32a58-712f-4184-8a4d-dc1f8994d43e&#187; text_font=&#187;&#8211;et_global_body_font|||on|||||&#187; text_text_color=&#187;#000000&#8243; custom_margin=&#187;0px||0px||false|false&#187; link_option_url=&#187;https:\/\/pharmaink.ch\/uber-mich\/&#187; text_font_size_phone=&#187;16px&#187; global_colors_info=&#187;{}&#187;]<\/p>\n<p dir=\"auto\">About me<\/p>\n<p>[\/et_pb_text][et_pb_text _builder_version=&#187;4.27.4&#8243; _module_preset=&#187;bdf32a58-712f-4184-8a4d-dc1f8994d43e&#187; text_font=&#187;&#8211;et_global_body_font|||on|||||&#187; text_text_color=&#187;#000000&#8243; custom_margin=&#187;0px||0px||false|false&#187; link_option_url=&#187;https:\/\/pharmaink.ch\/portfolio\/&#187; text_font_size_phone=&#187;16px&#187; global_colors_info=&#187;{}&#187;]<\/p>\n<p dir=\"auto\">Portfolio<\/p>\n<p>[\/et_pb_text][et_pb_text _builder_version=&#187;4.27.4&#8243; _module_preset=&#187;bdf32a58-712f-4184-8a4d-dc1f8994d43e&#187; text_font=&#187;&#8211;et_global_body_font|||on|||||&#187; text_text_color=&#187;#000000&#8243; link_option_url=&#187;https:\/\/pharmaink.ch\/termin-buchen\/&#187; text_font_size_phone=&#187;16px&#187; global_colors_info=&#187;{}&#187;]<\/p>\n<p dir=\"auto\">Book an appointment<\/p>\n<p>[\/et_pb_text][\/et_pb_column][et_pb_column type=&#187;1_3&#8243; _builder_version=&#187;4.27.4&#8243; _module_preset=&#187;default&#187; background_enable_color=&#187;off&#187; custom_padding=&#187;20px|20px|20px|20px|false|false&#187; border_color_all=&#187;rgba(0,0,0,0.29)&#187; global_colors_info=&#187;{}&#187;][et_pb_text _builder_version=&#187;4.27.4&#8243; _module_preset=&#187;a53e514f-e719-412c-af6b-0364258476f4&#8243; header_2_font=&#187;&#8211;et_global_heading_font|500|||||||&#187; header_2_text_align=&#187;center&#187; header_2_text_color=&#187;#000000&#8243; header_3_font=&#187;&#8211;et_global_heading_font|600||on|||||&#187; header_3_text_color=&#187;#000000&#8243; header_3_font_size=&#187;28px&#187; background_enable_color=&#187;off&#187; position_origin_a=&#187;top_center&#187; z_index=&#187;10&#8243; module_alignment=&#187;center&#187; custom_margin=&#187;||0px||false|false&#187; custom_margin_tablet=&#187;0px||||false|false&#187; custom_margin_phone=&#187;-38px||0px||false|false&#187; custom_margin_last_edited=&#187;on|tablet&#187; custom_padding=&#187;||||false|false&#187; header_3_text_shadow_style=&#187;preset2&#8243; header_3_text_shadow_horizontal_length=&#187;0.03em&#187; header_3_text_shadow_vertical_length=&#187;0.03em&#187; locked=&#187;off&#187; global_colors_info=&#187;{}&#187;]<\/p>\n<h3>CONTACT<\/h3>\n<p>[\/et_pb_text][et_pb_text _builder_version=&#187;4.27.4&#8243; _module_preset=&#187;bdf32a58-712f-4184-8a4d-dc1f8994d43e&#187; text_font=&#187;&#8211;et_global_body_font||||||||&#187; text_text_color=&#187;#000000&#8243; link_text_color=&#187;#000000&#8243; text_font_size_phone=&#187;17px&#187; global_colors_info=&#187;{}&#187;]<\/p>\n<p><a href=\"https:\/\/www.google.com\/maps\/place\/Bahnhofstrasse+17,+8932+Mettmenstetten,+Sv%C3%A1jc\/@47.2419189,8.4618432,17z\/data=!4m6!3m5!1s0x4790071b675b0f61:0xac3e9b958e4417be!8m2!3d47.2433174!4d8.4614033!16s%2Fg%2F11q2x8k68l?entry=ttu&amp;g_ep=EgoyMDI1MTAwOC4wIKXMDSoASAFQAw%3D%3D\" target=\"_blank\" rel=\"noopener\">Bahnhofstrasse 17, 8932 Mettmenstetten, Schweiz<\/a><\/p>\n<p>My studio in Mettmenstetten, Canton Zurich, is easily accessible for clients from Affoltern am Albis, Zug, Zurich, The Albis &amp; S\u00e4uliamt region.<\/p>\n<ul>\n<li>Free visitor parking behind the building<\/li>\n<li>32 minutes from Zurich main station<\/li>\n<li>Just a 5-minute walk from the train station! \ud83d\ude42<\/li>\n<\/ul>\n<p><strong>+41 78 315 06 50<\/strong><\/p>\n<p>[\/et_pb_text][\/et_pb_column][\/et_pb_row][\/et_pb_section]<\/p>","protected":false},"excerpt":{"rendered":"<p>DienstleistungenKein t\u00e4gliches Schminken mehr: Mit exklusivem Permanent Make-up betonst du deine nat\u00fcrliche Sch\u00f6nheit und sparst wertvolle Zeit. Individuell abgestimmt auf dich \u2013 f\u00fcr perfekt geformte Augenbrauen, einen ausdrucksstarken Blick und gepflegte Lippen.Meine Schwerpunkte liegen in Portr\u00e4t, Realismus, Fine Line, Microrealismus sowie Black &amp; Grey Tattoos. Gerne setze ich auch individuelle Ideen um und verwandle deine [&hellip;]<\/p>","protected":false},"author":1,"featured_media":0,"parent":0,"menu_order":0,"comment_status":"closed","ping_status":"closed","template":"","meta":{"_et_pb_use_builder":"on","_et_pb_old_content":"","_et_gb_content_width":"","footnotes":""},"class_list":["post-711","page","type-page","status-publish","hentry"],"_links":{"self":[{"href":"https:\/\/pharmaink.ch\/en\/wp-json\/wp\/v2\/pages\/711","targetHints":{"allow":["GET"]}}],"collection":[{"href":"https:\/\/pharmaink.ch\/en\/wp-json\/wp\/v2\/pages"}],"about":[{"href":"https:\/\/pharmaink.ch\/en\/wp-json\/wp\/v2\/types\/page"}],"author":[{"embeddable":true,"href":"https:\/\/pharmaink.ch\/en\/wp-json\/wp\/v2\/users\/1"}],"replies":[{"embeddable":true,"href":"https:\/\/pharmaink.ch\/en\/wp-json\/wp\/v2\/comments?post=711"}],"version-history":[{"count":7,"href":"https:\/\/pharmaink.ch\/en\/wp-json\/wp\/v2\/pages\/711\/revisions"}],"predecessor-version":[{"id":761,"href":"https:\/\/pharmaink.ch\/en\/wp-json\/wp\/v2\/pages\/711\/revisions\/761"}],"wp:attachment":[{"href":"https:\/\/pharmaink.ch\/en\/wp-json\/wp\/v2\/media?parent=711"}],"curies":[{"name":"wp","href":"https:\/\/api.w.org\/{rel}","templated":true}]}}