{"id":627,"date":"2026-01-06T14:11:24","date_gmt":"2026-01-06T13:11:24","guid":{"rendered":"https:\/\/pharmaink.ch\/?page_id=627"},"modified":"2026-01-07T11:06:56","modified_gmt":"2026-01-07T10:06:56","slug":"piercing-aftercare","status":"publish","type":"page","link":"https:\/\/pharmaink.ch\/en\/piercing-aftercare\/","title":{"rendered":"PIERCING AFTERCARE"},"content":{"rendered":"<p>[et_pb_section fb_built=&#187;1&#8243; custom_padding_last_edited=&#187;on|tablet&#187; admin_label=&#187;Header&#187; _builder_version=&#187;4.27.4&#8243; _module_preset=&#187;default&#187; background_color=&#187;#000000&#8243; background_image=&#187;https:\/\/pharmaink.ch\/wp-content\/uploads\/2025\/10\/IMG_6484.jpg&#187; background_position=&#187;bottom_left&#187; background_blend=&#187;multiply&#187; custom_margin_tablet=&#187;&#187; custom_margin_phone=&#187;&#187; custom_margin_last_edited=&#187;on|phone&#187; custom_padding=&#187;1vw||1vw||false|false&#187; custom_padding_tablet=&#187;||||false|false&#187; custom_padding_phone=&#187;20px||20px||false|false&#187; bottom_divider_height=&#187;30px&#187; bottom_divider_repeat=&#187;1x&#187; bottom_divider_height_tablet=&#187;30px&#187; bottom_divider_height_phone=&#187;10px&#187; bottom_divider_height_last_edited=&#187;on|phone&#187; background_last_edited=&#187;on|phone&#187; background_image_phone=&#187;https:\/\/pharmaink.ch\/wp-content\/uploads\/2025\/10\/IMG_6487.webp&#187; background_enable_image_phone=&#187;on&#187; background_position_phone=&#187;center&#187; locked=&#187;off&#187; collapsed=&#187;on&#187; global_colors_info=&#187;{}&#187;][et_pb_row _builder_version=&#187;4.27.4&#8243; _module_preset=&#187;default&#187; width_tablet=&#187;&#187; width_phone=&#187;90%&#187; width_last_edited=&#187;on|phone&#187; global_colors_info=&#187;{}&#187;][et_pb_column type=&#187;4_4&#8243; _builder_version=&#187;4.21.0&#8243; _module_preset=&#187;default&#187; global_colors_info=&#187;{}&#187;][et_pb_text content_tablet=&#187;<\/p>\n<h1>Dienstleistungen &#038; Preise<\/h1>\n<p>&#187; content_phone=&#187;<\/p>\n<h1>Dienstleis-tungen &#038; Preise<\/h1>\n<p>&#187; content_last_edited=&#187;off|phone&#187; _builder_version=&#187;4.27.4&#8243; _module_preset=&#187;670065e1-56bf-401d-81ef-0a1491da497f&#187; header_font=&#187;Outfit|300||on|||||&#187; header_text_color=&#187;#FFFFFF&#187; header_font_size=&#187;100px&#187; text_orientation=&#187;center&#187; header_font_size_tablet=&#187;13vw&#187; header_font_size_phone=&#187;50px&#187; header_font_size_last_edited=&#187;on|phone&#187; header_letter_spacing_tablet=&#187;-7px&#187; header_letter_spacing_phone=&#187;0px&#187; header_letter_spacing_last_edited=&#187;on|phone&#187; header_text_shadow_style=&#187;preset1&#8243; header_text_shadow_vertical_length=&#187;0.01em&#187; header_text_shadow_color=&#187;rgba(0,0,0,0.82)&#187; global_colors_info=&#187;{}&#187;]<\/p>\n<h1>Piercing Aftercare<\/h1>\n<p>[\/et_pb_text][\/et_pb_column][\/et_pb_row][\/et_pb_section][et_pb_section fb_built=&#187;1&#8243; admin_label=&#187;Services&#187; _builder_version=&#187;4.27.4&#8243; _module_preset=&#187;default&#187; background_color=&#187;#634832&#8243; use_background_color_gradient=&#187;on&#187; background_color_gradient_stops=&#187;#634832 0%|#967259 100%&#187; custom_margin=&#187;0px||0px||false|false&#187; custom_padding=&#187;20px||0px||false|false&#187; bottom_divider_height=&#187;30px&#187; bottom_divider_height_tablet=&#187;30px&#187; bottom_divider_height_phone=&#187;10px&#187; bottom_divider_height_last_edited=&#187;on|phone&#187; collapsed=&#187;on&#187; global_colors_info=&#187;{}&#187;][et_pb_row disabled_on=&#187;off|off|off&#187; module_class=&#187;reverse-mobile&#187; _builder_version=&#187;4.27.4&#8243; _module_preset=&#187;default&#187; width=&#187;90%&#187; locked=&#187;off&#187; global_colors_info=&#187;{}&#187;][et_pb_column type=&#187;4_4&#8243; _builder_version=&#187;4.21.0&#8243; _module_preset=&#187;default&#187; global_colors_info=&#187;{}&#187;][et_pb_text _builder_version=&#187;4.27.4&#8243; _module_preset=&#187;bdf32a58-712f-4184-8a4d-dc1f8994d43e&#187; text_font=&#187;&#8211;et_global_body_font||||||||&#187; text_text_color=&#187;#FFFFFF&#187; text_font_size=&#187;18px&#187; text_line_height=&#187;1.6em&#187; header_3_text_color=&#187;#FFFFFF&#187; header_4_text_color=&#187;#FFFFFF&#187; custom_margin=&#187;||0px||false|false&#187; text_font_size_tablet=&#187;18px&#187; text_font_size_phone=&#187;17px&#187; text_font_size_last_edited=&#187;on|tablet&#187; global_colors_info=&#187;{}&#187;]<\/p>\n<h3><strong>Piercing Aftercare &amp; Pflegehinweise\u00a0<\/strong><\/h3>\n<div>\n<h4><strong>Reinigung\u00a0<\/strong><\/h4>\n<ul>\n<li><span style=\"font-weight: 400;\"> <\/span><span style=\"font-weight: 400;\">Wasche dir immer gr\u00fcndlich die H\u00e4nde, bevor du dein Piercing ber\u00fchrst.\u00a0<\/span><\/li>\n<li><span style=\"font-weight: 400;\"> <\/span><span style=\"font-weight: 400;\">Verwende eine vorgefertigte sterile Kochsalzl\u00f6sung, z. B. Aliamare\u00ae Spray (in den meisten Apotheken in\u00a0 der Schweiz erh\u00e4ltlich).\u00a0<\/span><\/li>\n<li><span style=\"font-weight: 400;\"> <\/span><span style=\"font-weight: 400;\">Reinige sanft die Ein- und Austrittsstellen des Schmucks und entferne dabei vorsichtig Wundsekret oder\u00a0 getrocknete R\u00fcckst\u00e4nde.\u00a0<\/span><\/li>\n<li><span style=\"font-weight: 400;\"> <\/span><span style=\"font-weight: 400;\">Drehe oder rotiere den Schmuck nicht.\u00a0<\/span><\/li>\n<li><span style=\"font-weight: 400;\"> <\/span><span style=\"font-weight: 400;\">Tupfe die Stelle mit einem sauberen Papiertuch trocken (keine Stoffhandt\u00fccher verwenden). <\/span><\/li>\n<li><span style=\"font-weight: 400;\">Wiederhole die Reinigung 2\u20133 Mal t\u00e4glich \u00fcber 4\u20136 Wochen oder bis zur vollst\u00e4ndigen Abheilung.\u00a0<\/span><\/li>\n<\/ul>\n<h4><strong>F\u00fcr orale Piercings (Zunge, Lippe, Wange usw.)\u00a0<\/strong><\/h4>\n<ul>\n<li><span style=\"font-weight: 400;\"> <\/span><span style=\"font-weight: 400;\">Sp\u00fcle den Mund 2\u20133 Mal t\u00e4glich mit einer sterilen Kochsalzl\u00f6sung.\u00a0<\/span><\/li>\n<li><span style=\"font-weight: 400;\"> <\/span><span style=\"font-weight: 400;\">Verwende nach dem Essen, Rauchen oder Trinken (ausser Wasser) eine alkoholfreie, antibakterielle\u00a0 Mundsp\u00fclung.\u00a0<\/span><\/li>\n<li><span style=\"font-weight: 400;\"> <\/span><span style=\"font-weight: 400;\">Verzichte w\u00e4hrend des Heilungsprozesses auf Milchprodukte (mindestens 2\u20133 Wochen). Infektionspr\u00e4vention\u00a0<\/span><\/li>\n<li><span style=\"font-weight: 400;\"> <\/span><span style=\"font-weight: 400;\">Ein frisches Piercing ist eine offene Wunde und heilt am besten, wenn es sauber und trocken gehalten\u00a0 wird.\u00a0<\/span><\/li>\n<li><span style=\"font-weight: 400;\"> <\/span><span style=\"font-weight: 400;\">Anzeichen einer Infektion sind unter anderem: R\u00f6tung, \u00fcberm\u00e4ssige Schwellung, W\u00e4rmegef\u00fchl,\u00a0 Schmerzen oder Eiter.\u00a0<\/span><\/li>\n<li><span style=\"font-weight: 400;\"> <\/span><span style=\"font-weight: 400;\">Bei Verdacht auf eine Infektion wende dich an dein Piercingstudio oder eine \u00c4rztin bzw. einen Arzt. <\/span><span style=\"font-weight: 400;\">\u2022 <\/span><span style=\"font-weight: 400;\">Schwere Infektionen k\u00f6nnen eine antibiotische Behandlung erforderlich machen.\u00a0<\/span><\/li>\n<\/ul>\n<h4><strong>Migration &amp; Abstossung\u00a0<\/strong><\/h4>\n<ul>\n<li><span style=\"font-weight: 400;\"> <\/span><span style=\"font-weight: 400;\">Manche Piercings k\u00f6nnen sich im Laufe der Zeit leicht verschieben. In bestimmten F\u00e4llen kann der\u00a0 Schmuck vollst\u00e4ndig vom K\u00f6rper abgestossen werden.\u00a0<\/span><\/li>\n<li><span style=\"font-weight: 400;\"> <\/span><span style=\"font-weight: 400;\">Besonders abstossungsgef\u00e4hrdete Piercings sind z. B. Augenbrauen-, Bauchnabel- oder Surface Piercings.\u00a0<\/span><\/li>\n<li><span style=\"font-weight: 400;\"> <\/span><span style=\"font-weight: 400;\">Bei Anzeichen einer Migration sollte der Schmuck vor einer vollst\u00e4ndigen Abstossung entfernt werden,\u00a0 um Narbenbildung zu reduzieren.\u00a0<\/span><\/li>\n<li><span style=\"font-weight: 400;\"> <\/span><span style=\"font-weight: 400;\">Lege 2\u20133 Mal t\u00e4glich eine warme Meersalz-Kompresse auf, um die Heilung zu unterst\u00fctzen und\u00a0 Narbenbildung vorzubeugen.\u00a0<\/span><\/li>\n<\/ul>\n<h4><strong>Schwellung\u00a0<\/strong><\/h4>\n<ul>\n<li><span style=\"font-weight: 400;\"> <\/span><span style=\"font-weight: 400;\">Schwellungen sind normal; der anf\u00e4ngliche Schmuck ist deshalb bewusst etwas l\u00e4nger gew\u00e4hlt.<\/span><\/li>\n<li><span style=\"font-weight: 400;\"> <\/span><span style=\"font-weight: 400;\">Wird die Schwellung sehr stark oder f\u00fchlt sich der Schmuck zu eng an, wende dich an dein\u00a0 Piercingstudio, um einen l\u00e4ngeren Stab einsetzen zu lassen.\u00a0<\/span><\/li>\n<li><span style=\"font-weight: 400;\"> <\/span><span style=\"font-weight: 400;\">Starke Schwellungen k\u00f6nnen dazu f\u00fchren, dass der Schmuck in die Haut einw\u00e4chst \u2013 in diesem Fall\u00a0 sofort entfernen und fachlichen Rat einholen.\u00a0<\/span><\/li>\n<\/ul>\n<h4><strong>F\u00fcr orale Piercings\u00a0<\/strong><\/h4>\n<ul>\n<li><span style=\"font-weight: 400;\"> <\/span><span style=\"font-weight: 400;\">Zu Beginn wird ein l\u00e4ngerer Stab eingesetzt, der nach etwa 6 Wochen durch einen k\u00fcrzeren ersetzt\u00a0 werden kann.\u00a0<\/span><\/li>\n<li><span style=\"font-weight: 400;\"> <\/span><span style=\"font-weight: 400;\">Das Lutschen von Eis kann helfen, die Schwellung zu reduzieren.\u00a0<\/span><\/li>\n<li><span style=\"font-weight: 400;\"> <\/span><span style=\"font-weight: 400;\">Verzichte auf Milchprodukte, um Reizungen oder Infektionen zu vermeiden.\u00a0<\/span><\/li>\n<\/ul>\n<h4><strong>Sitz des Schmucks\u00a0<\/strong><\/h4>\n<ul>\n<li><span style=\"font-weight: 400;\"> <\/span><span style=\"font-weight: 400;\">\u00dcberpr\u00fcfe alle 2\u20133 Tage den festen Sitz von Schraubkugeln.\u00a0<\/span><\/li>\n<li><span style=\"font-weight: 400;\"> <\/span><span style=\"font-weight: 400;\">Durch Bewegung, Reibung an Kleidung oder Alltagsaktivit\u00e4ten k\u00f6nnen sich Kugeln l\u00f6sen. <\/span><\/li>\n<li><span style=\"font-weight: 400;\">Baue eine kurze Kontrolle in deine t\u00e4gliche Reinigungsroutine ein, um Schmuckverlust zu vermeiden.\u00a0<\/span><\/li>\n<\/ul>\n<h4><strong>Kn\u00f6tchen, Druckstellen &amp; Narben\u00a0<\/strong><\/h4>\n<ul>\n<li><span style=\"font-weight: 400;\"> <\/span><span style=\"font-weight: 400;\">Zur Reduktion von Kn\u00f6tchen oder bei verz\u00f6gerter Heilung empfiehlt sich eine Meersalzkompresse.\u00a0<\/span><\/li>\n<li><span style=\"font-weight: 400;\"> <\/span><span style=\"font-weight: 400;\">L\u00f6se 6 Teel\u00f6ffel Meersalz in 100 ml kochend heissem Wasser auf und lasse die L\u00f6sung etwas\u00a0 abk\u00fchlen.\u00a0<\/span><\/li>\n<li><span style=\"font-weight: 400;\"> <\/span><span style=\"font-weight: 400;\">Tr\u00e4nke ein Wattepad oder ein Papiertuch in der L\u00f6sung.\u00a0<\/span><\/li>\n<li><span style=\"font-weight: 400;\"> <\/span><span style=\"font-weight: 400;\">Lege eine warme Kompresse f\u00fcr einige Minuten (oder bis sie abk\u00fchlt) auf das Piercing.<\/span><\/li>\n<li><span style=\"font-weight: 400;\">Wiederhole dies 2\u20133 Mal t\u00e4glich \u00fcber 4\u20136 Wochen oder bis das Kn\u00f6tchen verschwindet.\u00a0<\/span><\/li>\n<\/ul>\n<p><span style=\"font-weight: 400;\">Wichtig: Die L\u00f6sung sollte heiss und sehr salzig sein \u2013 die W\u00e4rme macht die Haut weich, das Salz trocknet das\u00a0 Kn\u00f6tchen aus.\u00a0<\/span><\/p>\n<h4><strong>Allgemeine Hinweise\u00a0<\/strong><\/h4>\n<ul>\n<li><span style=\"font-weight: 400;\"> <\/span><span style=\"font-weight: 400;\">Vermeide mechanische Belastung (z. B. Ziehen, H\u00e4ngenbleiben oder darauf Schlafen \u2013 ggf. ein\u00a0 Piercingkissen verwenden).\u00a0<\/span><\/li>\n<li><span style=\"font-weight: 400;\"> <\/span><span style=\"font-weight: 400;\">Trage locker sitzende Kleidung, um Reibung zu vermeiden (besonders bei Bauchnabelpiercings). <\/span><\/li>\n<li><span style=\"font-weight: 400;\">Bei Bauchnabel-, Brustwarzen- und Knorpelpiercings kann es bis zu einem Jahr lang zu Absonderungen\u00a0 kommen \u2013 dies ist normal.\u00a0<\/span><\/li>\n<li><span style=\"font-weight: 400;\"> <\/span><span style=\"font-weight: 400;\">Knorpelpiercings heilen langsam und neigen eher zur Kn\u00f6tchenbildung.\u00a0<\/span><\/li>\n<li><span style=\"font-weight: 400;\"> <\/span><span style=\"font-weight: 400;\">Halte Haarprodukte, Make-up und Lotionen vom Piercing fern.\u00a0<\/span><\/li>\n<\/ul>\n<p><span style=\"font-weight: 400;\">Eine sorgf\u00e4ltige Nachsorge ist entscheidend f\u00fcr einen komplikationslosen Heilungsverlauf. Bei Unsicherheiten\u00a0 oder anhaltenden Beschwerden wende dich bitte an das Pharma Ink Studio oder eine medizinische Fachperson.<\/span><\/p>\n<\/div>\n<p>[\/et_pb_text][\/et_pb_column][\/et_pb_row][\/et_pb_section][et_pb_section fb_built=&#187;1&#8243; admin_label=&#187;Services&#187; _builder_version=&#187;4.27.4&#8243; _module_preset=&#187;default&#187; background_color=&#187;#000000&#8243; custom_margin=&#187;0px||||false|false&#187; custom_padding=&#187;0px||0px||false|false&#187; bottom_divider_style=&#187;asymmetric3&#8243; bottom_divider_color=&#187;#000000&#8243; bottom_divider_height=&#187;30px&#187; global_module=&#187;226&#8243; saved_tabs=&#187;all&#187; collapsed=&#187;on&#187; global_colors_info=&#187;{}&#187;][et_pb_row _builder_version=&#187;4.27.4&#8243; _module_preset=&#187;default&#187; width=&#187;100%&#187; max_width=&#187;2400px&#187; custom_margin=&#187;0px||0px||false|false&#187; custom_padding=&#187;0px||0px||false|false&#187; locked=&#187;off&#187; global_colors_info=&#187;{}&#187;][et_pb_column type=&#187;4_4&#8243; _builder_version=&#187;4.27.4&#8243; _module_preset=&#187;default&#187; global_colors_info=&#187;{}&#187;][et_pb_image src=&#187;https:\/\/pharmaink.ch\/wp-content\/uploads\/2025\/10\/pharmaink_maps_desktop.png&#187; title_text=&#187;pharmaink_maps_desktop&#187; force_fullwidth=&#187;on&#187; src_tablet=&#187;https:\/\/pharmaink.ch\/wp-content\/uploads\/2025\/10\/mettmenstetten_map.png&#187; src_phone=&#187;https:\/\/pharmaink.ch\/wp-content\/uploads\/2025\/10\/maps_pin.png&#187; src_last_edited=&#187;on|desktop&#187; _builder_version=&#187;4.27.4&#8243; _module_preset=&#187;default&#187; hover_enabled=&#187;0&#8243; global_colors_info=&#187;{}&#187; sticky_enabled=&#187;0&#8243;][\/et_pb_image][\/et_pb_column][\/et_pb_row][et_pb_row column_structure=&#187;1_3,1_3,1_3&#8243; _builder_version=&#187;4.27.4&#8243; _module_preset=&#187;default&#187; background_color=&#187;#FFFFFF&#187; transform_translate=&#187;0px|-120px&#187; transform_translate_linked=&#187;off&#187; width=&#187;90%&#187; custom_margin=&#187;||||false|false&#187; custom_padding=&#187;20px|20px|20px|20px|false|false&#187; border_width_all=&#187;1px&#187; border_color_all=&#187;rgba(0,0,0,0.15)&#187; box_shadow_style=&#187;preset1&#8243; box_shadow_color=&#187;rgba(0,0,0,0.47)&#187; locked=&#187;off&#187; global_colors_info=&#187;{}&#187;][et_pb_column type=&#187;1_3&#8243; _builder_version=&#187;4.27.4&#8243; _module_preset=&#187;default&#187; background_enable_color=&#187;off&#187; custom_padding=&#187;20px|20px|20px|20px|false|false&#187; border_color_all=&#187;rgba(0,0,0,0.29)&#187; global_colors_info=&#187;{}&#187;][et_pb_image src=&#187;https:\/\/pharmaink.ch\/wp-content\/uploads\/2025\/10\/logo_white_pharmaink.jpg&#187; title_text=&#187;logo_white_pharmaink&#187; _builder_version=&#187;4.27.4&#8243; _module_preset=&#187;default&#187; custom_margin=&#187;20px||||false|false&#187; global_colors_info=&#187;{}&#187;][\/et_pb_image][et_pb_text _builder_version=&#187;4.27.4&#8243; _module_preset=&#187;default&#187; global_colors_info=&#187;{}&#187;]<\/p>\n<p><a href=\"https:\/\/www.instagram.com\/pharmaink_tattoostudio\/%20\" target=\"_blank\" rel=\"noopener\"><img loading=\"lazy\" decoding=\"async\" src=\"https:\/\/pharmaink.ch\/wp-content\/uploads\/2025\/10\/insta_logo_ok.png\" alt=\"\" width=\"30\" height=\"30\" title=\"\"><\/a> <a href=\"https:\/\/wa.me\/+41783150650\" target=\"_blank\" rel=\"noopener\"><img loading=\"lazy\" decoding=\"async\" src=\"https:\/\/pharmaink.ch\/wp-content\/uploads\/2025\/10\/whatsapp_icon_ok.png\" alt=\"\" width=\"30\" height=\"30\" title=\"\"><\/a><\/p>\n<p>[\/et_pb_text][et_pb_text _builder_version=&#187;4.27.4&#8243; _module_preset=&#187;bdf32a58-712f-4184-8a4d-dc1f8994d43e&#187; text_font=&#187;&#8211;et_global_body_font||||||||&#187; text_text_color=&#187;#000000&#8243; link_text_color=&#187;#000000&#8243; text_font_size_phone=&#187;15px&#187; global_colors_info=&#187;{}&#187;]<\/p>\n<p dir=\"auto\"><a href=\"https:\/\/pharmaink.ch\/en\/agb\/\">General Terms and Conditions<\/a><\/p>\n<p>[\/et_pb_text][\/et_pb_column][et_pb_column type=&#187;1_3&#8243; _builder_version=&#187;4.27.4&#8243; _module_preset=&#187;default&#187; background_enable_color=&#187;off&#187; custom_padding=&#187;20px|20px|20px|20px|false|false&#187; border_color_all=&#187;rgba(0,0,0,0.29)&#187; global_colors_info=&#187;{}&#187;][et_pb_text _builder_version=&#187;4.27.4&#8243; _module_preset=&#187;a53e514f-e719-412c-af6b-0364258476f4&#8243; header_2_font=&#187;&#8211;et_global_heading_font|500|||||||&#187; header_2_text_align=&#187;center&#187; header_2_text_color=&#187;#000000&#8243; header_3_font=&#187;&#8211;et_global_heading_font|600||on|||||&#187; header_3_text_color=&#187;#000000&#8243; header_3_font_size=&#187;28px&#187; background_enable_color=&#187;off&#187; position_origin_a=&#187;top_center&#187; z_index=&#187;10&#8243; module_alignment=&#187;center&#187; custom_margin=&#187;||0px||false|false&#187; custom_margin_tablet=&#187;0px||||false|false&#187; custom_margin_phone=&#187;0px||0px||false|false&#187; custom_margin_last_edited=&#187;on|tablet&#187; custom_padding=&#187;||||false|false&#187; header_3_text_shadow_style=&#187;preset2&#8243; header_3_text_shadow_horizontal_length=&#187;0.03em&#187; header_3_text_shadow_vertical_length=&#187;0.03em&#187; locked=&#187;off&#187; global_colors_info=&#187;{}&#187;]<\/p>\n<h3>OPENING HOURS<\/h3>\n<p>[\/et_pb_text][et_pb_text _builder_version=&#187;4.27.4&#8243; _module_preset=&#187;bdf32a58-712f-4184-8a4d-dc1f8994d43e&#187; text_font=&#187;&#8211;et_global_body_font||||||||&#187; text_text_color=&#187;#000000&#8243; text_font_size_phone=&#187;17px&#187; global_colors_info=&#187;{}&#187;]<\/p>\n<p dir=\"auto\">By appointment only<\/p>\n<p>[\/et_pb_text][et_pb_text _builder_version=&#187;4.27.4&#8243; _module_preset=&#187;a53e514f-e719-412c-af6b-0364258476f4&#8243; header_2_font=&#187;&#8211;et_global_heading_font|500|||||||&#187; header_2_text_align=&#187;center&#187; header_2_text_color=&#187;#000000&#8243; header_3_font=&#187;&#8211;et_global_heading_font|600||on|||||&#187; header_3_text_color=&#187;#000000&#8243; header_3_font_size=&#187;28px&#187; background_enable_color=&#187;off&#187; position_origin_a=&#187;top_center&#187; z_index=&#187;10&#8243; module_alignment=&#187;center&#187; custom_margin=&#187;||0px||false|false&#187; custom_margin_tablet=&#187;0px||||false|false&#187; custom_margin_phone=&#187;0px||0px||false|false&#187; custom_margin_last_edited=&#187;on|tablet&#187; custom_padding=&#187;||||false|false&#187; header_3_text_shadow_style=&#187;preset2&#8243; header_3_text_shadow_horizontal_length=&#187;0.03em&#187; header_3_text_shadow_vertical_length=&#187;0.03em&#187; locked=&#187;off&#187; global_colors_info=&#187;{}&#187;]<\/p>\n<h3>MEN\u00dc<\/h3>\n<p>[\/et_pb_text][et_pb_text _builder_version=&#187;4.27.4&#8243; _module_preset=&#187;bdf32a58-712f-4184-8a4d-dc1f8994d43e&#187; text_font=&#187;&#8211;et_global_body_font|||on|||||&#187; text_text_color=&#187;#000000&#8243; custom_margin=&#187;0px||0px||false|false&#187; link_option_url=&#187;https:\/\/pharmaink.ch\/&#187; text_font_size_phone=&#187;15px&#187; global_colors_info=&#187;{}&#187;]<\/p>\n<p dir=\"auto\">Home<\/p>\n<p>[\/et_pb_text][et_pb_text _builder_version=&#187;4.27.4&#8243; _module_preset=&#187;bdf32a58-712f-4184-8a4d-dc1f8994d43e&#187; text_font=&#187;&#8211;et_global_body_font|||on|||||&#187; text_text_color=&#187;#000000&#8243; custom_margin=&#187;0px||0px||false|false&#187; link_option_url=&#187;https:\/\/pharmaink.ch\/dienstleistungen-preise\/&#187; global_colors_info=&#187;{}&#187;]<\/p>\n<p dir=\"auto\">Services &amp; Prices<\/p>\n<p>[\/et_pb_text][et_pb_text _builder_version=&#187;4.27.4&#8243; _module_preset=&#187;bdf32a58-712f-4184-8a4d-dc1f8994d43e&#187; text_font=&#187;&#8211;et_global_body_font|||on|||||&#187; text_text_color=&#187;#000000&#8243; custom_margin=&#187;0px||0px||false|false&#187; link_option_url=&#187;https:\/\/pharmaink.ch\/uber-mich\/&#187; global_colors_info=&#187;{}&#187;]<\/p>\n<p dir=\"auto\">About me<\/p>\n<p>[\/et_pb_text][et_pb_text _builder_version=&#187;4.27.4&#8243; _module_preset=&#187;bdf32a58-712f-4184-8a4d-dc1f8994d43e&#187; text_font=&#187;&#8211;et_global_body_font|||on|||||&#187; text_text_color=&#187;#000000&#8243; custom_margin=&#187;0px||0px||false|false&#187; link_option_url=&#187;https:\/\/pharmaink.ch\/portfolio\/&#187; global_colors_info=&#187;{}&#187;]<\/p>\n<p dir=\"auto\">Portfolio<\/p>\n<p>[\/et_pb_text][et_pb_text _builder_version=&#187;4.27.4&#8243; _module_preset=&#187;bdf32a58-712f-4184-8a4d-dc1f8994d43e&#187; text_font=&#187;&#8211;et_global_body_font|||on|||||&#187; text_text_color=&#187;#000000&#8243; link_option_url=&#187;https:\/\/pharmaink.ch\/termin-buchen\/&#187; global_colors_info=&#187;{}&#187;]<\/p>\n<p dir=\"auto\">Book an appointment<\/p>\n<p>[\/et_pb_text][\/et_pb_column][et_pb_column type=&#187;1_3&#8243; _builder_version=&#187;4.27.4&#8243; _module_preset=&#187;default&#187; background_enable_color=&#187;off&#187; custom_padding=&#187;20px|20px|20px|20px|false|false&#187; border_color_all=&#187;rgba(0,0,0,0.29)&#187; global_colors_info=&#187;{}&#187;][et_pb_text _builder_version=&#187;4.27.4&#8243; _module_preset=&#187;a53e514f-e719-412c-af6b-0364258476f4&#8243; header_2_font=&#187;&#8211;et_global_heading_font|500|||||||&#187; header_2_text_align=&#187;center&#187; header_2_text_color=&#187;#000000&#8243; header_3_font=&#187;&#8211;et_global_heading_font|600||on|||||&#187; header_3_text_color=&#187;#000000&#8243; header_3_font_size=&#187;28px&#187; background_enable_color=&#187;off&#187; position_origin_a=&#187;top_center&#187; z_index=&#187;10&#8243; module_alignment=&#187;center&#187; custom_margin=&#187;||0px||false|false&#187; custom_margin_tablet=&#187;0px||||false|false&#187; custom_margin_phone=&#187;-38px||0px||false|false&#187; custom_margin_last_edited=&#187;on|tablet&#187; custom_padding=&#187;||||false|false&#187; header_3_text_shadow_style=&#187;preset2&#8243; header_3_text_shadow_horizontal_length=&#187;0.03em&#187; header_3_text_shadow_vertical_length=&#187;0.03em&#187; locked=&#187;off&#187; global_colors_info=&#187;{}&#187;]<\/p>\n<h3>CONTACT<\/h3>\n<p>[\/et_pb_text][et_pb_text _builder_version=&#187;4.27.4&#8243; _module_preset=&#187;bdf32a58-712f-4184-8a4d-dc1f8994d43e&#187; text_font=&#187;&#8211;et_global_body_font||||||||&#187; text_text_color=&#187;#000000&#8243; link_text_color=&#187;#000000&#8243; text_font_size_phone=&#187;17px&#187; global_colors_info=&#187;{}&#187;]<\/p>\n<p><a href=\"https:\/\/www.google.com\/maps\/place\/Bahnhofstrasse+17,+8932+Mettmenstetten,+Sv%C3%A1jc\/@47.2419189,8.4618432,17z\/data=!4m6!3m5!1s0x4790071b675b0f61:0xac3e9b958e4417be!8m2!3d47.2433174!4d8.4614033!16s%2Fg%2F11q2x8k68l?entry=ttu&amp;g_ep=EgoyMDI1MTAwOC4wIKXMDSoASAFQAw%3D%3D\" target=\"_blank\" rel=\"noopener\">Bahnhofstrasse 17, 8932 Mettmenstetten, Schweiz<\/a><\/p>\n<ul>\n<li>Free visitor parking behind the building<\/li>\n<li>32 minutes from Zurich main station<\/li>\n<li>Just a 5-minute walk from the train station! \ud83d\ude42<\/li>\n<\/ul>\n<p><strong>+41 78 315 06 50<\/strong><\/p>\n<p>[\/et_pb_text][\/et_pb_column][\/et_pb_row][\/et_pb_section]<\/p>","protected":false},"excerpt":{"rendered":"<p>Piercing AftercarePiercing Aftercare &amp; Pflegehinweise\u00a0 Reinigung\u00a0 Wasche dir immer gr\u00fcndlich die H\u00e4nde, bevor du dein Piercing ber\u00fchrst.\u00a0 Verwende eine vorgefertigte sterile Kochsalzl\u00f6sung, z. B. Aliamare\u00ae Spray (in den meisten Apotheken in\u00a0 der Schweiz erh\u00e4ltlich).\u00a0 Reinige sanft die Ein- und Austrittsstellen des Schmucks und entferne dabei vorsichtig Wundsekret oder\u00a0 getrocknete R\u00fcckst\u00e4nde.\u00a0 Drehe oder rotiere den Schmuck [&hellip;]<\/p>","protected":false},"author":1,"featured_media":0,"parent":0,"menu_order":0,"comment_status":"closed","ping_status":"closed","template":"","meta":{"_et_pb_use_builder":"on","_et_pb_old_content":"","_et_gb_content_width":"","footnotes":""},"class_list":["post-627","page","type-page","status-publish","hentry"],"_links":{"self":[{"href":"https:\/\/pharmaink.ch\/en\/wp-json\/wp\/v2\/pages\/627","targetHints":{"allow":["GET"]}}],"collection":[{"href":"https:\/\/pharmaink.ch\/en\/wp-json\/wp\/v2\/pages"}],"about":[{"href":"https:\/\/pharmaink.ch\/en\/wp-json\/wp\/v2\/types\/page"}],"author":[{"embeddable":true,"href":"https:\/\/pharmaink.ch\/en\/wp-json\/wp\/v2\/users\/1"}],"replies":[{"embeddable":true,"href":"https:\/\/pharmaink.ch\/en\/wp-json\/wp\/v2\/comments?post=627"}],"version-history":[{"count":6,"href":"https:\/\/pharmaink.ch\/en\/wp-json\/wp\/v2\/pages\/627\/revisions"}],"predecessor-version":[{"id":645,"href":"https:\/\/pharmaink.ch\/en\/wp-json\/wp\/v2\/pages\/627\/revisions\/645"}],"wp:attachment":[{"href":"https:\/\/pharmaink.ch\/en\/wp-json\/wp\/v2\/media?parent=627"}],"curies":[{"name":"wp","href":"https:\/\/api.w.org\/{rel}","templated":true}]}}