{"id":336,"date":"2025-10-14T11:52:14","date_gmt":"2025-10-14T09:52:14","guid":{"rendered":"https:\/\/pharmaink.ch\/?page_id=336"},"modified":"2025-10-14T12:28:18","modified_gmt":"2025-10-14T10:28:18","slug":"tattoo-aftercare","status":"publish","type":"page","link":"https:\/\/pharmaink.ch\/en\/tattoo-aftercare\/","title":{"rendered":"TATTOO AFTERCARE"},"content":{"rendered":"<p>[et_pb_section fb_built=&#187;1&#8243; custom_padding_last_edited=&#187;on|tablet&#187; admin_label=&#187;Header&#187; _builder_version=&#187;4.27.4&#8243; _module_preset=&#187;default&#187; background_color=&#187;#000000&#8243; background_image=&#187;https:\/\/pharmaink.ch\/wp-content\/uploads\/2025\/10\/IMG_6484.jpg&#187; background_position=&#187;bottom_left&#187; background_blend=&#187;multiply&#187; custom_margin_tablet=&#187;&#187; custom_margin_phone=&#187;&#187; custom_margin_last_edited=&#187;on|phone&#187; custom_padding=&#187;1vw||1vw||false|false&#187; custom_padding_tablet=&#187;||||false|false&#187; custom_padding_phone=&#187;20px||20px||false|false&#187; bottom_divider_height=&#187;30px&#187; bottom_divider_repeat=&#187;1x&#187; bottom_divider_height_tablet=&#187;30px&#187; bottom_divider_height_phone=&#187;10px&#187; bottom_divider_height_last_edited=&#187;on|phone&#187; background_last_edited=&#187;on|phone&#187; background_image_phone=&#187;https:\/\/pharmaink.ch\/wp-content\/uploads\/2025\/10\/IMG_6487.webp&#187; background_enable_image_phone=&#187;on&#187; background_position_phone=&#187;center&#187; locked=&#187;off&#187; collapsed=&#187;on&#187; global_colors_info=&#187;{}&#187;][et_pb_row _builder_version=&#187;4.27.4&#8243; _module_preset=&#187;default&#187; width_tablet=&#187;&#187; width_phone=&#187;90%&#187; width_last_edited=&#187;on|phone&#187; global_colors_info=&#187;{}&#187;][et_pb_column type=&#187;4_4&#8243; _builder_version=&#187;4.21.0&#8243; _module_preset=&#187;default&#187; global_colors_info=&#187;{}&#187;][et_pb_text content_tablet=&#187;<\/p>\n<h1>Dienstleistungen &#038; Preise<\/h1>\n<p>&#187; content_phone=&#187;<\/p>\n<h1>Dienstleis-tungen &#038; Preise<\/h1>\n<p>&#187; content_last_edited=&#187;off|phone&#187; _builder_version=&#187;4.27.4&#8243; _module_preset=&#187;670065e1-56bf-401d-81ef-0a1491da497f&#187; header_font=&#187;Outfit|300||on|||||&#187; header_text_color=&#187;#FFFFFF&#187; header_font_size=&#187;100px&#187; text_orientation=&#187;center&#187; header_font_size_tablet=&#187;13vw&#187; header_font_size_phone=&#187;50px&#187; header_font_size_last_edited=&#187;on|phone&#187; header_letter_spacing_tablet=&#187;-7px&#187; header_letter_spacing_phone=&#187;0px&#187; header_letter_spacing_last_edited=&#187;on|phone&#187; header_text_shadow_style=&#187;preset1&#8243; header_text_shadow_vertical_length=&#187;0.01em&#187; header_text_shadow_color=&#187;rgba(0,0,0,0.82)&#187; global_colors_info=&#187;{}&#187;]<\/p>\n<h1>Tattoo Aftercare<\/h1>\n<p>[\/et_pb_text][\/et_pb_column][\/et_pb_row][\/et_pb_section][et_pb_section fb_built=&#187;1&#8243; admin_label=&#187;Services&#187; _builder_version=&#187;4.27.4&#8243; _module_preset=&#187;default&#187; background_color=&#187;#634832&#8243; use_background_color_gradient=&#187;on&#187; background_color_gradient_stops=&#187;#634832 0%|#967259 100%&#187; custom_margin=&#187;0px||0px||false|false&#187; custom_padding=&#187;20px||0px||false|false&#187; bottom_divider_height=&#187;30px&#187; bottom_divider_height_tablet=&#187;30px&#187; bottom_divider_height_phone=&#187;10px&#187; bottom_divider_height_last_edited=&#187;on|phone&#187; collapsed=&#187;on&#187; global_colors_info=&#187;{}&#187;][et_pb_row disabled_on=&#187;off|off|off&#187; module_class=&#187;reverse-mobile&#187; _builder_version=&#187;4.27.4&#8243; _module_preset=&#187;default&#187; width=&#187;90%&#187; locked=&#187;off&#187; global_colors_info=&#187;{}&#187;][et_pb_column type=&#187;4_4&#8243; _builder_version=&#187;4.21.0&#8243; _module_preset=&#187;default&#187; global_colors_info=&#187;{}&#187;][et_pb_text _builder_version=&#187;4.27.4&#8243; _module_preset=&#187;bdf32a58-712f-4184-8a4d-dc1f8994d43e&#187; text_font=&#187;&#8211;et_global_body_font||||||||&#187; text_text_color=&#187;#FFFFFF&#187; text_font_size=&#187;18px&#187; text_line_height=&#187;1.6em&#187; header_3_text_color=&#187;#FFFFFF&#187; hover_enabled=&#187;0&#8243; text_font_size_tablet=&#187;18px&#187; text_font_size_phone=&#187;17px&#187; text_font_size_last_edited=&#187;on|tablet&#187; global_colors_info=&#187;{}&#187; custom_margin=&#187;||0px||false|false&#187; sticky_enabled=&#187;0&#8243;]<\/p>\n<ul>\n<li dir=\"auto\">F\u00fcr ein optimales Ergebnis ist sowohl die Vorbereitung als auch die Nachpflege deines Tattoos von grosser Bedeutung. Nachfolgend findest du hilfreiche Hinweise, die dir eine angenehme und erfolgreiche Heilungsphase erm\u00f6glichen.<\/li>\n<\/ul>\n<h3 dir=\"auto\"><strong>Vorbereitung auf dein Tattoo<\/strong><\/h3>\n<ul>\n<li dir=\"auto\"><span>B<\/span>ereite die zu t\u00e4towierende Hautstelle idealerweise eine Woche vor deinem Termin vor. Pflege die Haut t\u00e4glich mit einer n\u00e4hrenden Feuchtigkeitslotion und achte darauf, 2\u20133 Liter Wasser pro Tag zu trinken.<\/li>\n<li dir=\"auto\">Eine gut durchfeuchtete Haut erleichtert die Aufnahme der Pigmente, wodurch der T\u00e4towiervorgang angenehmer und effizienter verl\u00e4uft.<\/li>\n<li dir=\"auto\">Vermeide in den zwei Wochen vor dem Tattoo-Termin das Sonnenbaden und die Nutzung von Solarien.<\/li>\n<\/ul>\n<p dir=\"auto\"><strong>Kurz vor deinem Termin<\/strong><\/p>\n<ul>\n<li dir=\"auto\">Bettw\u00e4sche, vor allem Kissenbez\u00fcge wechseln.<\/li>\n<li dir=\"auto\">48 Stunden vor der Behandlung keinen Alkohol trinken.<\/li>\n<li dir=\"auto\">Am Tag der Behandlung auf Kaffee und Tee verzichten.<\/li>\n<li dir=\"auto\">3-5 Tage vor der Behandlung keine blutverd\u00fcnnenden Medikamente einnehmen (z. B. Aspirin, Ibuprofen, Ginkgo-Pr\u00e4parate usw.).<\/li>\n<li dir=\"auto\">Um Kreislaufreaktionen zu vermeiden, iss und trink bitte etwas vor deinem Termin.<\/li>\n<\/ul>\n<div dir=\"auto\">\n<div dir=\"auto\">\n<div dir=\"auto\"><\/div>\n<\/div>\n<\/div>\n<p>[\/et_pb_text][et_pb_text _builder_version=&#187;4.27.4&#8243; _module_preset=&#187;bdf32a58-712f-4184-8a4d-dc1f8994d43e&#187; text_font=&#187;&#8211;et_global_body_font||||||||&#187; text_text_color=&#187;#FFFFFF&#187; text_font_size=&#187;18px&#187; text_line_height=&#187;1.6em&#187; header_3_text_color=&#187;#FFFFFF&#187; custom_margin=&#187;||0px||false|false&#187; custom_padding=&#187;||||false|false&#187; hover_enabled=&#187;0&#8243; text_font_size_tablet=&#187;18px&#187; text_font_size_phone=&#187;17px&#187; text_font_size_last_edited=&#187;on|tablet&#187; global_colors_info=&#187;{}&#187; sticky_enabled=&#187;0&#8243;]<\/p>\n<h3><strong>Pflegeprodukte<\/strong><\/h3>\n<p><strong><\/strong>Zur Unterst\u00fctzung der Heilung empfehle ich die Verwendung einer hochwertigen Tattoo-Creme. Diese versorgt die Haut mit Feuchtigkeit, sch\u00fctzt die Farbpigmente und verhindert ein Austrocknen. Dadurch wird eine \u00fcberm\u00e4ssige Krustenbildung vermieden und das Tattoo kann gleichm\u00e4ssig abheilen.<\/p>\n<p>Vor deinem Termin besorge dir bitte die folgende Pflegeprodukte:<\/p>\n<ul>\n<li>Waschemulsion zum reinigen: PRURI-MED Waschemulsion pH 5.5 150 ml<\/li>\n<li>Tattoo-Creme: La Roche Posay Cicaplast Baume B5+ 40 ml \/ 100 ml<\/li>\n<\/ul>\n<p>[\/et_pb_text][et_pb_text _builder_version=&#187;4.27.4&#8243; _module_preset=&#187;bdf32a58-712f-4184-8a4d-dc1f8994d43e&#187; text_font=&#187;&#8211;et_global_body_font||||||||&#187; text_text_color=&#187;#FFFFFF&#187; text_font_size=&#187;18px&#187; header_3_text_color=&#187;#FFFFFF&#187; custom_margin=&#187;||0px||false|false&#187; text_font_size_tablet=&#187;18px&#187; text_font_size_phone=&#187;17px&#187; text_font_size_last_edited=&#187;on|tablet&#187; global_colors_info=&#187;{}&#187;]<\/p>\n<h3><strong>Pflegeanleitung<\/strong><\/h3>\n<p>Am ersten Tag:<\/p>\n<ol>\n<li>Entferne die Schutzfolie, die direkt nach dem T\u00e4towieren angebracht wurde, nach etwa 3 Stunden.<\/li>\n<li dir=\"auto\">Reinige das Tattoo vorsichtig mit lauwarmem Wasser und pH-neutraler Seife. Tupfe es anschliessend\u00a0mit einem fusselfreien Tuch (z. B. K\u00fcchenpapier) trocken.<\/li>\n<li>Trage eine d\u00fcnne Schicht Tattoo-Creme auf. Eine erneute Abdeckung mit Folie ist in der Regel nicht erforderlich.<\/li>\n<li>Wiederhole den Reinigungsvorgang vor dem Schlafengehen.<\/li>\n<\/ol>\n<p>[\/et_pb_text][et_pb_text _builder_version=&#187;4.27.4&#8243; _module_preset=&#187;bdf32a58-712f-4184-8a4d-dc1f8994d43e&#187; text_font=&#187;&#8211;et_global_body_font||||||||&#187; text_text_color=&#187;#FFFFFF&#187; text_font_size=&#187;18px&#187; text_line_height=&#187;1.6em&#187; custom_margin=&#187;||0px||false|false&#187; custom_padding=&#187;||||false|false&#187; text_font_size_tablet=&#187;18px&#187; text_font_size_phone=&#187;17px&#187; text_font_size_last_edited=&#187;on|tablet&#187; global_colors_info=&#187;{}&#187;]<\/p>\n<p><strong>Allgemeine Pflegehinweise<\/strong><\/p>\n<ul>\n<li>In der ersten Woche sollte die Creme 3\u20135 Mal t\u00e4glich d\u00fcnn aufgetragen werden. In der zweiten Woche gen\u00fcgt es, die Pflege auf 1\u20133 Mal t\u00e4glich zu reduzieren.<\/li>\n<li>W\u00e4hrend der ersten drei Tage beim Duschen darauf achten, dass die Kruste nicht zu stark aufweicht.<\/li>\n<li>\n<p dir=\"auto\">Krusten niemals abkratzen oder entfernen \u2013 sie l\u00f6sen sich von selbst. Andernfalls k\u00f6nnen ungleichm\u00e4ssige Farbstellen entstehen.<\/p>\n<\/li>\n<li>In den ersten 1\u20132 Wochen saubere, atmungsaktive und lockere Kleidung tragen, um Reibung zu vermeiden.<\/li>\n<li>F\u00fcr 2\u20133 Wochen auf Schwimmb\u00e4der, Sauna, Solarium, Dampfb\u00e4der, Vollb\u00e4der sowie direkte Sonneneinstrahlung verzichten.<\/li>\n<li>Ein Juckreiz w\u00e4hrend der Heilung ist normal und ein Zeichen der Regeneration. Bitte nicht kratzen \u2013 bei Bedarf kann die Stelle vorsichtig gek\u00fchlt werden.<\/li>\n<\/ul>\n<p>[\/et_pb_text][et_pb_text _builder_version=&#187;4.27.4&#8243; _module_preset=&#187;bdf32a58-712f-4184-8a4d-dc1f8994d43e&#187; text_font=&#187;&#8211;et_global_body_font||||||||&#187; text_text_color=&#187;#FFFFFF&#187; text_font_size=&#187;18px&#187; text_line_height=&#187;1.6em&#187; header_3_text_color=&#187;#FFFFFF&#187; text_font_size_tablet=&#187;18px&#187; text_font_size_phone=&#187;17px&#187; text_font_size_last_edited=&#187;on|tablet&#187; global_colors_info=&#187;{}&#187;]<\/p>\n<h3><strong>Wichtig<\/strong><\/h3>\n<ul>\n<li>\n<p dir=\"auto\">Ein frisches Tattoo ist eine offene Hautverletzung. Achte daher darauf, dass kein Schmutz, Staub oder andere Verunreinigungen mit der t\u00e4towierten Stelle in Kontakt kommen.<\/p>\n<\/li>\n<\/ul>\n<p dir=\"auto\">M\u00f6gliche Nebenwirkungen:<\/p>\n<div>\n<ul>\n<li>R\u00f6tungen, Schwellungen, Bluterg\u00fcsse.<\/li>\n<li>Mittlere bis starke Krustenbildung.<\/li>\n<li>Leichte Asymmetrien oder Unregelm\u00e4ssigkeiten.<\/li>\n<li>Druck- oder Spannungsgef\u00fchl.<\/li>\n<li>Allergische oder anaphylaktische Reaktionen (sehr selten).<\/li>\n<li>Infektionen (sehr selten).<\/li>\n<\/ul>\n<div dir=\"auto\">Bitte suche sofort medizinische Hilfe, wenn du Anzeichen einer allergischen Reaktion bemerkst:<\/div>\n<p dir=\"auto\">Nesselsucht, Atembeschwerden, Schwellungen im Gesicht, an Lippen, Zunge, Rachen oder anderen K\u00f6rperstellen.<\/p>\n<p>Z\u00f6gere nicht, deinen behandelnden Arzt zu kontaktieren oder ausserhalb der Sprechzeiten den \u00e4rztlichen Notdienst oder den Notruf zu w\u00e4hlen.<span style=\"font-size: 18px;\">\u00a0<\/span><\/p>\n<\/div>\n<p>[\/et_pb_text][et_pb_text _builder_version=&#187;4.27.4&#8243; _module_preset=&#187;bdf32a58-712f-4184-8a4d-dc1f8994d43e&#187; text_font=&#187;&#8211;et_global_body_font||||||||&#187; text_text_color=&#187;#FFFFFF&#187; text_font_size=&#187;18px&#187; text_line_height=&#187;1.5em&#187; header_3_text_color=&#187;#FFFFFF&#187; text_font_size_tablet=&#187;18px&#187; text_font_size_phone=&#187;17px&#187; text_font_size_last_edited=&#187;on|tablet&#187; global_colors_info=&#187;{}&#187;]<\/p>\n<h3><strong>Heilungsphase<\/strong><\/h3>\n<div>\n<div>\n<p><strong>Entz\u00fcndungsphase (1\u20133 Tage)<\/strong><\/p>\n<p>Unmittelbar nach der Behandlung kann eine leichte Entz\u00fcndungsreaktion auftreten.<\/p>\n<p>Die Haut kann ger\u00f6tet, geschwollen und empfindlich sein.<\/p>\n<p>Das pigmentierte Areal wirkt zun\u00e4chst intensiver und wegen Oxidation des Pigmentes dunkler.<\/p>\n<p dir=\"auto\"><strong>Proliferationsphase (4\u201314 Tage)<\/strong><\/p>\n<p>Neue Hautzellen bilden sich, und die Haut beginnt sich zu regenerieren.<\/p>\n<p>W\u00e4hrend dieser Zeit entsteht h\u00e4ufig eine d\u00fcnne Kruste, die sich von selbst abl\u00f6st.<\/p>\n<p dir=\"auto\"><strong>Reifungsphase (15\u201330 Tage)<\/strong><\/p>\n<p dir=\"auto\">Die Haut gewinnt ihre normale Struktur und Festigkeit zur\u00fcck.<\/p>\n<p dir=\"auto\">Die Pigmente stabilisieren sich und setzen sich dauerhaft in der Haut fest.<\/p>\n<p><strong>Nachbehandlungsphase (nach 4-6 Wochen)<\/strong><\/p>\n<p>Nach etwa 4-6 Wochen ist die Haut vollst\u00e4ndig verheilt.<\/p>\n<p dir=\"auto\">Falls n\u00f6tig, kann eine Nachbehandlung erfolgen, um das Ergebnis zu perfektionieren oder zu intensivieren.<\/p>\n<\/div>\n<\/div>\n<p>Bei Fragen oder Unsicherheiten stehe ich dir selbstverst\u00e4ndlich gerne zur Verf\u00fcgung.<\/p>\n<div>\n<p>&nbsp;<\/p>\n<\/div>\n<p>[\/et_pb_text][\/et_pb_column][\/et_pb_row][\/et_pb_section][et_pb_section fb_built=&#187;1&#8243; admin_label=&#187;Services&#187; _builder_version=&#187;4.27.4&#8243; _module_preset=&#187;default&#187; background_color=&#187;#000000&#8243; custom_margin=&#187;0px||||false|false&#187; custom_padding=&#187;0px||0px||false|false&#187; bottom_divider_style=&#187;asymmetric3&#8243; bottom_divider_color=&#187;#000000&#8243; bottom_divider_height=&#187;30px&#187; global_module=&#187;226&#8243; saved_tabs=&#187;all&#187; collapsed=&#187;on&#187; global_colors_info=&#187;{}&#187;][et_pb_row _builder_version=&#187;4.27.4&#8243; _module_preset=&#187;default&#187; width=&#187;100%&#187; max_width=&#187;2400px&#187; custom_margin=&#187;0px||0px||false|false&#187; custom_padding=&#187;0px||0px||false|false&#187; locked=&#187;off&#187; global_colors_info=&#187;{}&#187;][et_pb_column type=&#187;4_4&#8243; _builder_version=&#187;4.27.4&#8243; _module_preset=&#187;default&#187; global_colors_info=&#187;{}&#187;][et_pb_image src=&#187;https:\/\/pharmaink.ch\/wp-content\/uploads\/2025\/10\/pharmaink_maps_desktop.png&#187; title_text=&#187;pharmaink_maps_desktop&#187; force_fullwidth=&#187;on&#187; src_tablet=&#187;https:\/\/pharmaink.ch\/wp-content\/uploads\/2025\/10\/mettmenstetten_map.png&#187; src_phone=&#187;https:\/\/pharmaink.ch\/wp-content\/uploads\/2025\/10\/maps_pin.png&#187; src_last_edited=&#187;on|desktop&#187; _builder_version=&#187;4.27.4&#8243; _module_preset=&#187;default&#187; global_colors_info=&#187;{}&#187;][\/et_pb_image][\/et_pb_column][\/et_pb_row][et_pb_row column_structure=&#187;1_3,1_3,1_3&#8243; _builder_version=&#187;4.27.4&#8243; _module_preset=&#187;default&#187; background_color=&#187;#FFFFFF&#187; transform_translate=&#187;0px|-120px&#187; transform_translate_linked=&#187;off&#187; width=&#187;90%&#187; custom_margin=&#187;||||false|false&#187; custom_padding=&#187;20px|20px|20px|20px|false|false&#187; border_width_all=&#187;1px&#187; border_color_all=&#187;rgba(0,0,0,0.15)&#187; box_shadow_style=&#187;preset1&#8243; box_shadow_color=&#187;rgba(0,0,0,0.47)&#187; locked=&#187;off&#187; global_colors_info=&#187;{}&#187;][et_pb_column type=&#187;1_3&#8243; _builder_version=&#187;4.27.4&#8243; _module_preset=&#187;default&#187; background_enable_color=&#187;off&#187; custom_padding=&#187;20px|20px|20px|20px|false|false&#187; border_color_all=&#187;rgba(0,0,0,0.29)&#187; global_colors_info=&#187;{}&#187;][et_pb_image src=&#187;https:\/\/pharmaink.ch\/wp-content\/uploads\/2025\/10\/logo_white_pharmaink.jpg&#187; title_text=&#187;logo_white_pharmaink&#187; _builder_version=&#187;4.27.4&#8243; _module_preset=&#187;default&#187; custom_margin=&#187;20px||||false|false&#187; global_colors_info=&#187;{}&#187;][\/et_pb_image][et_pb_text _builder_version=&#187;4.27.4&#8243; _module_preset=&#187;default&#187; global_colors_info=&#187;{}&#187;]<\/p>\n<p><a href=\"https:\/\/www.instagram.com\/pharmaink_tattoostudio\/%20\" target=\"_blank\" rel=\"noopener\"><img loading=\"lazy\" decoding=\"async\" src=\"https:\/\/pharmaink.ch\/wp-content\/uploads\/2025\/10\/insta_logo_ok.png\" alt=\"\" width=\"30\" height=\"30\" title=\"\"><\/a> <a href=\"tel:+41783150650\"><img loading=\"lazy\" decoding=\"async\" src=\"https:\/\/pharmaink.ch\/wp-content\/uploads\/2025\/10\/whatsapp_icon_ok.png\" alt=\"\" width=\"30\" height=\"30\" title=\"\"><\/a><\/p>\n<p>[\/et_pb_text][et_pb_text _builder_version=&#187;4.27.4&#8243; _module_preset=&#187;bdf32a58-712f-4184-8a4d-dc1f8994d43e&#187; text_font=&#187;&#8211;et_global_body_font||||||||&#187; text_text_color=&#187;#000000&#8243; link_text_color=&#187;#000000&#8243; text_font_size_phone=&#187;15px&#187; global_colors_info=&#187;{}&#187;]<\/p>\n<p dir=\"auto\"><a href=\"https:\/\/pharmaink.ch\/en\/agb\/\">General Terms and Conditions<\/a><\/p>\n<p>[\/et_pb_text][\/et_pb_column][et_pb_column type=&#187;1_3&#8243; _builder_version=&#187;4.27.4&#8243; _module_preset=&#187;default&#187; background_enable_color=&#187;off&#187; custom_padding=&#187;20px|20px|20px|20px|false|false&#187; border_color_all=&#187;rgba(0,0,0,0.29)&#187; global_colors_info=&#187;{}&#187;][et_pb_text _builder_version=&#187;4.27.4&#8243; _module_preset=&#187;a53e514f-e719-412c-af6b-0364258476f4&#8243; header_2_font=&#187;&#8211;et_global_heading_font|500|||||||&#187; header_2_text_align=&#187;center&#187; header_2_text_color=&#187;#000000&#8243; header_3_font=&#187;&#8211;et_global_heading_font|600||on|||||&#187; header_3_text_color=&#187;#000000&#8243; header_3_font_size=&#187;28px&#187; background_enable_color=&#187;off&#187; position_origin_a=&#187;top_center&#187; z_index=&#187;10&#8243; module_alignment=&#187;center&#187; custom_margin=&#187;||0px||false|false&#187; custom_margin_tablet=&#187;0px||||false|false&#187; custom_margin_phone=&#187;0px||0px||false|false&#187; custom_margin_last_edited=&#187;on|tablet&#187; custom_padding=&#187;||||false|false&#187; header_3_text_shadow_style=&#187;preset2&#8243; header_3_text_shadow_horizontal_length=&#187;0.03em&#187; header_3_text_shadow_vertical_length=&#187;0.03em&#187; locked=&#187;off&#187; global_colors_info=&#187;{}&#187;]<\/p>\n<h3>OPENING HOURS<\/h3>\n<p>[\/et_pb_text][et_pb_text _builder_version=&#187;4.27.4&#8243; _module_preset=&#187;bdf32a58-712f-4184-8a4d-dc1f8994d43e&#187; text_font=&#187;&#8211;et_global_body_font||||||||&#187; text_text_color=&#187;#000000&#8243; text_font_size_phone=&#187;17px&#187; global_colors_info=&#187;{}&#187;]<\/p>\n<p dir=\"auto\">By appointment only<\/p>\n<p>[\/et_pb_text][et_pb_text _builder_version=&#187;4.27.4&#8243; _module_preset=&#187;a53e514f-e719-412c-af6b-0364258476f4&#8243; header_2_font=&#187;&#8211;et_global_heading_font|500|||||||&#187; header_2_text_align=&#187;center&#187; header_2_text_color=&#187;#000000&#8243; header_3_font=&#187;&#8211;et_global_heading_font|600||on|||||&#187; header_3_text_color=&#187;#000000&#8243; header_3_font_size=&#187;28px&#187; background_enable_color=&#187;off&#187; position_origin_a=&#187;top_center&#187; z_index=&#187;10&#8243; module_alignment=&#187;center&#187; custom_margin=&#187;||0px||false|false&#187; custom_margin_tablet=&#187;0px||||false|false&#187; custom_margin_phone=&#187;0px||0px||false|false&#187; custom_margin_last_edited=&#187;on|tablet&#187; custom_padding=&#187;||||false|false&#187; header_3_text_shadow_style=&#187;preset2&#8243; header_3_text_shadow_horizontal_length=&#187;0.03em&#187; header_3_text_shadow_vertical_length=&#187;0.03em&#187; locked=&#187;off&#187; global_colors_info=&#187;{}&#187;]<\/p>\n<h3>MEN\u00dc<\/h3>\n<p>[\/et_pb_text][et_pb_text _builder_version=&#187;4.27.4&#8243; _module_preset=&#187;bdf32a58-712f-4184-8a4d-dc1f8994d43e&#187; text_font=&#187;&#8211;et_global_body_font|||on|||||&#187; text_text_color=&#187;#000000&#8243; custom_margin=&#187;0px||0px||false|false&#187; link_option_url=&#187;https:\/\/pharmaink.ch\/&#187; text_font_size_phone=&#187;15px&#187; global_colors_info=&#187;{}&#187;]<\/p>\n<p dir=\"auto\">Home<\/p>\n<p>[\/et_pb_text][et_pb_text _builder_version=&#187;4.27.4&#8243; _module_preset=&#187;bdf32a58-712f-4184-8a4d-dc1f8994d43e&#187; text_font=&#187;&#8211;et_global_body_font|||on|||||&#187; text_text_color=&#187;#000000&#8243; custom_margin=&#187;0px||0px||false|false&#187; link_option_url=&#187;https:\/\/pharmaink.ch\/dienstleistungen-preise\/&#187; global_colors_info=&#187;{}&#187;]<\/p>\n<p dir=\"auto\">Services &amp; Prices<\/p>\n<p>[\/et_pb_text][et_pb_text _builder_version=&#187;4.27.4&#8243; _module_preset=&#187;bdf32a58-712f-4184-8a4d-dc1f8994d43e&#187; text_font=&#187;&#8211;et_global_body_font|||on|||||&#187; text_text_color=&#187;#000000&#8243; custom_margin=&#187;0px||0px||false|false&#187; link_option_url=&#187;https:\/\/pharmaink.ch\/uber-mich\/&#187; global_colors_info=&#187;{}&#187;]<\/p>\n<p dir=\"auto\">About me<\/p>\n<p>[\/et_pb_text][et_pb_text _builder_version=&#187;4.27.4&#8243; _module_preset=&#187;bdf32a58-712f-4184-8a4d-dc1f8994d43e&#187; text_font=&#187;&#8211;et_global_body_font|||on|||||&#187; text_text_color=&#187;#000000&#8243; custom_margin=&#187;0px||0px||false|false&#187; link_option_url=&#187;https:\/\/pharmaink.ch\/portfolio\/&#187; global_colors_info=&#187;{}&#187;]<\/p>\n<p dir=\"auto\">Portfolio<\/p>\n<p>[\/et_pb_text][et_pb_text _builder_version=&#187;4.27.4&#8243; _module_preset=&#187;bdf32a58-712f-4184-8a4d-dc1f8994d43e&#187; text_font=&#187;&#8211;et_global_body_font|||on|||||&#187; text_text_color=&#187;#000000&#8243; link_option_url=&#187;https:\/\/pharmaink.ch\/termin-buchen\/&#187; global_colors_info=&#187;{}&#187;]<\/p>\n<p dir=\"auto\">Book an appointment<\/p>\n<p>[\/et_pb_text][\/et_pb_column][et_pb_column type=&#187;1_3&#8243; _builder_version=&#187;4.27.4&#8243; _module_preset=&#187;default&#187; background_enable_color=&#187;off&#187; custom_padding=&#187;20px|20px|20px|20px|false|false&#187; border_color_all=&#187;rgba(0,0,0,0.29)&#187; global_colors_info=&#187;{}&#187;][et_pb_text _builder_version=&#187;4.27.4&#8243; _module_preset=&#187;a53e514f-e719-412c-af6b-0364258476f4&#8243; header_2_font=&#187;&#8211;et_global_heading_font|500|||||||&#187; header_2_text_align=&#187;center&#187; header_2_text_color=&#187;#000000&#8243; header_3_font=&#187;&#8211;et_global_heading_font|600||on|||||&#187; header_3_text_color=&#187;#000000&#8243; header_3_font_size=&#187;28px&#187; background_enable_color=&#187;off&#187; position_origin_a=&#187;top_center&#187; z_index=&#187;10&#8243; module_alignment=&#187;center&#187; custom_margin=&#187;||0px||false|false&#187; custom_margin_tablet=&#187;0px||||false|false&#187; custom_margin_phone=&#187;-38px||0px||false|false&#187; custom_margin_last_edited=&#187;on|tablet&#187; custom_padding=&#187;||||false|false&#187; header_3_text_shadow_style=&#187;preset2&#8243; header_3_text_shadow_horizontal_length=&#187;0.03em&#187; header_3_text_shadow_vertical_length=&#187;0.03em&#187; locked=&#187;off&#187; global_colors_info=&#187;{}&#187;]<\/p>\n<h3>CONTACT<\/h3>\n<p>[\/et_pb_text][et_pb_text _builder_version=&#187;4.27.4&#8243; _module_preset=&#187;bdf32a58-712f-4184-8a4d-dc1f8994d43e&#187; text_font=&#187;&#8211;et_global_body_font||||||||&#187; text_text_color=&#187;#000000&#8243; link_text_color=&#187;#000000&#8243; text_font_size_phone=&#187;17px&#187; global_colors_info=&#187;{}&#187;]<\/p>\n<p><a href=\"https:\/\/www.google.com\/maps\/place\/Bahnhofstrasse+17,+8932+Mettmenstetten,+Sv%C3%A1jc\/@47.2419189,8.4618432,17z\/data=!4m6!3m5!1s0x4790071b675b0f61:0xac3e9b958e4417be!8m2!3d47.2433174!4d8.4614033!16s%2Fg%2F11q2x8k68l?entry=ttu&amp;g_ep=EgoyMDI1MTAwOC4wIKXMDSoASAFQAw%3D%3D\" target=\"_blank\" rel=\"noopener\">Bahnhofstrasse 17, 8932 Mettmenstetten, Schweiz<\/a><\/p>\n<ul>\n<li>Free visitor parking behind the building<\/li>\n<li>32 minutes from Zurich main station<\/li>\n<li>Just a 5-minute walk from the train station! \ud83d\ude42<\/li>\n<\/ul>\n<p><strong>+41 78 315 06 50<\/strong><\/p>\n<p>[\/et_pb_text][\/et_pb_column][\/et_pb_row][\/et_pb_section]<\/p>","protected":false},"excerpt":{"rendered":"<p>Tattoo Aftercare F\u00fcr ein optimales Ergebnis ist sowohl die Vorbereitung als auch die Nachpflege deines Tattoos von grosser Bedeutung. Nachfolgend findest du hilfreiche Hinweise, die dir eine angenehme und erfolgreiche Heilungsphase erm\u00f6glichen. Vorbereitung auf dein Tattoo Bereite die zu t\u00e4towierende Hautstelle idealerweise eine Woche vor deinem Termin vor. Pflege die Haut t\u00e4glich mit einer n\u00e4hrenden [&hellip;]<\/p>","protected":false},"author":1,"featured_media":0,"parent":0,"menu_order":0,"comment_status":"closed","ping_status":"closed","template":"","meta":{"_et_pb_use_builder":"on","_et_pb_old_content":"","_et_gb_content_width":"","footnotes":""},"class_list":["post-336","page","type-page","status-publish","hentry"],"_links":{"self":[{"href":"https:\/\/pharmaink.ch\/en\/wp-json\/wp\/v2\/pages\/336","targetHints":{"allow":["GET"]}}],"collection":[{"href":"https:\/\/pharmaink.ch\/en\/wp-json\/wp\/v2\/pages"}],"about":[{"href":"https:\/\/pharmaink.ch\/en\/wp-json\/wp\/v2\/types\/page"}],"author":[{"embeddable":true,"href":"https:\/\/pharmaink.ch\/en\/wp-json\/wp\/v2\/users\/1"}],"replies":[{"embeddable":true,"href":"https:\/\/pharmaink.ch\/en\/wp-json\/wp\/v2\/comments?post=336"}],"version-history":[{"count":10,"href":"https:\/\/pharmaink.ch\/en\/wp-json\/wp\/v2\/pages\/336\/revisions"}],"predecessor-version":[{"id":394,"href":"https:\/\/pharmaink.ch\/en\/wp-json\/wp\/v2\/pages\/336\/revisions\/394"}],"wp:attachment":[{"href":"https:\/\/pharmaink.ch\/en\/wp-json\/wp\/v2\/media?parent=336"}],"curies":[{"name":"wp","href":"https:\/\/api.w.org\/{rel}","templated":true}]}}